{"id":1842,"date":"2020-01-10T14:03:35","date_gmt":"2020-01-10T13:03:35","guid":{"rendered":"https:\/\/pruebawp.ignisenergia.es\/cookie-policys\/"},"modified":"2022-12-30T10:13:49","modified_gmt":"2022-12-30T09:13:49","slug":"cookies-policy","status":"publish","type":"page","link":"https:\/\/ignis.es\/en\/cookies-policy\/","title":{"rendered":"Cookies Policy"},"content":{"rendered":"\n<style type=\"text\/css\" data-created_by=\"avia_inline_auto\" id=\"style-css-av-1l7cp-6a614ff2659e2118a2f0a42db522f2dd\">\n.avia-section.av-1l7cp-6a614ff2659e2118a2f0a42db522f2dd{\nbackground-color:#004987;\nbackground:linear-gradient( 45deg, #004987, #00afaa );\n}\n<\/style>\n<div id='av_section_1'  class='avia-section av-1l7cp-6a614ff2659e2118a2f0a42db522f2dd main_color avia-section-no-padding avia-no-border-styling  avia-builder-el-0  el_before_av_layout_row  avia-builder-el-first  avia-bg-style-scroll av-minimum-height av-minimum-height-custom  container_wrap sidebar_right'   data-av_minimum_height_px='300'><div class='container av-section-cont-open' style='height:300px'><main  role=\"main\" itemprop=\"mainContentOfPage\"  class='template-page content  av-content-small alpha units'><div class='post-entry post-entry-type-page post-entry-1842'><div class='entry-content-wrapper clearfix'>\n\n<style type=\"text\/css\" data-created_by=\"avia_inline_auto\" id=\"style-css-av-10yyh-215d43a37f9508197c0728298b28a927\">\n.flex_column.av-10yyh-215d43a37f9508197c0728298b28a927{\n-webkit-border-radius:0px 0px 0px 0px;\n-moz-border-radius:0px 0px 0px 0px;\nborder-radius:0px 0px 0px 0px;\npadding:100px 0px 0px 0px;\n}\n<\/style>\n<div class='flex_column av-10yyh-215d43a37f9508197c0728298b28a927 av_one_full  avia-builder-el-1  avia-builder-el-no-sibling  first flex_column_div '     ><style type=\"text\/css\" data-created_by=\"avia_inline_auto\" id=\"style-css-av-k5868bu1-bf16377ccac59082555f46f645171d4c\">\n#top .av-special-heading.av-k5868bu1-bf16377ccac59082555f46f645171d4c{\npadding-bottom:10px;\ncolor:#ffffff;\nfont-size:36px;\n}\nbody .av-special-heading.av-k5868bu1-bf16377ccac59082555f46f645171d4c .av-special-heading-tag .heading-char{\nfont-size:25px;\n}\n#top #wrap_all .av-special-heading.av-k5868bu1-bf16377ccac59082555f46f645171d4c .av-special-heading-tag{\nfont-size:36px;\n}\n.av-special-heading.av-k5868bu1-bf16377ccac59082555f46f645171d4c .special-heading-inner-border{\nborder-color:#ffffff;\n}\n.av-special-heading.av-k5868bu1-bf16377ccac59082555f46f645171d4c .av-subheading{\nfont-size:18px;\n}\n\n@media only screen and (min-width: 480px) and (max-width: 767px){ \n#top #wrap_all .av-special-heading.av-k5868bu1-bf16377ccac59082555f46f645171d4c .av-special-heading-tag{\nfont-size:0.8em;\n}\n}\n\n@media only screen and (max-width: 479px){ \n#top #wrap_all .av-special-heading.av-k5868bu1-bf16377ccac59082555f46f645171d4c .av-special-heading-tag{\nfont-size:0.8em;\n}\n}\n<\/style>\n<div  class='av-special-heading av-k5868bu1-bf16377ccac59082555f46f645171d4c av-special-heading-h1 custom-color-heading blockquote modern-quote  avia-builder-el-2  avia-builder-el-no-sibling  av-thin-font av-inherit-size av-linked-heading'><h1 class='av-special-heading-tag'  itemprop=\"headline\"  ><strong>Cookies Policy<\/strong><\/h1><div class=\"special-heading-border\"><div class=\"special-heading-inner-border\"><\/div><\/div><\/div><\/div><\/div><\/div><\/main><!-- close content main element --><\/div><\/div><div id='av-layout-grid-1'  class='av-layout-grid-container av-zon2a-79a719e29d6614153d21cf5a15c61092 entry-content-wrapper main_color av-flex-cells  avia-builder-el-3  el_after_av_section  el_before_av_section  grid-row-not-first  container_wrap sidebar_right'  >\n\n<style type=\"text\/css\" data-created_by=\"avia_inline_auto\" id=\"style-css-av-je2ju-7588083abed9f8d400f55d15d759ccab\">\n.flex_cell.av-je2ju-7588083abed9f8d400f55d15d759ccab{\nvertical-align:middle;\n}\n.responsive #top #wrap_all .flex_cell.av-je2ju-7588083abed9f8d400f55d15d759ccab{\npadding:5px 5px 5px 5px !important;\n}\n<\/style>\n<div class='flex_cell av-je2ju-7588083abed9f8d400f55d15d759ccab av-gridrow-cell av_one_full no_margin  avia-builder-el-4  avia-builder-el-no-sibling ' ><div class='flex_cell_inner'><\/div><\/div>\n<\/div><\/p>\n<div id='av_section_2'  class='avia-section av-jofci-6179120ea14e07bcf1949e5854b871cb main_color avia-section-default avia-no-border-styling  avia-builder-el-5  el_after_av_layout_row  avia-builder-el-last  avia-bg-style-scroll container_wrap sidebar_right'  ><div class='container av-section-cont-open' ><div class='template-page content  av-content-small alpha units'><div class='post-entry post-entry-type-page post-entry-1842'><div class='entry-content-wrapper clearfix'>\n<section  class='av_textblock_section av-k585rj2f-50883596fc94f73be243d1fd6e173bc3'  itemscope=\"itemscope\" itemtype=\"https:\/\/schema.org\/CreativeWork\" ><div class='avia_textblock'  itemprop=\"text\" ><div class=\"entry-content\">\n<p><strong>1. ABOUT COOKIES<\/strong><\/p>\n<p>IGNIS ENERGIA, S.L. web (hereinafter the Web) uses Cookies. Cookies are files sent to a browser by a Web server to register Users\u2019 activities in a certain Web. The main purpose of Cookies is to provide users with a quicker access to the services chosen. Also, Cookies customize the services offered by the Web easing and offering each user the information of interest and which may be of interest as per the use made of services.<\/p>\n<p>The Web uses Cookies to customize and ease as much as possible user\u2019s navigation. Cookies are only associated to an anonymous user and its computer and do not provide references which allow deducting users\u2019 personal data. The user may configure its browser to confirm and reject the installation of cookies sent by the Web without damaging the possibility of users of accessing the contents of such Web. However, we hereby state that in any case, Web operation may be reduced.<\/p>\n<p>Registered or loaded users may benefit from more personal services and oriented to their profile thanks to the combination of data stored in cookies with personal data used at the time of the registry. Such users expressly authorize the use of this information with the purposes mentioned without prejudice of their right to reject or disable the use of cookies.<\/p>\n<p>Moreover the Web may know all services requested by users so it may provide information suitable for the preferences of each user.<\/p>\n<p><strong>2. TYPES OF COOKIES <\/strong><\/p>\n<p>Depending on their <strong>Permanence<\/strong>, cookies may be divided into:<\/p>\n<table width=\"302\">\n<tbody>\n<tr>\n<td width=\"151\"><strong>Session cookies<\/strong><\/td>\n<td width=\"151\">They expire when the user closes the browser.<\/td>\n<\/tr>\n<tr>\n<td width=\"151\"><strong>Persistent cookies<\/strong><\/td>\n<td width=\"151\">They expire when their purpose is accomplished (for example, for the user to remain identified in the Services) or when erased manually.<\/td>\n<\/tr>\n<\/tbody>\n<\/table>\n<p>Depending on their <strong>Owner<\/strong>, they may be divided into:<\/p>\n<table width=\"454\">\n<tbody>\n<tr>\n<td width=\"227\"><strong>Own cookies<\/strong><\/td>\n<td width=\"227\">Those sent to the terminal of the user from a device or domain managed by the editor and from which the service requested by the user is provided.<\/td>\n<\/tr>\n<tr>\n<td width=\"227\"><strong>Third party Cookies <\/strong><\/td>\n<td width=\"227\">Those sent to the terminal of the user from a device or domain not managed by the editor but rather by another entity that treats the information obtained from cookies.<\/td>\n<\/tr>\n<\/tbody>\n<\/table>\n<p>In addition, depending on their<strong>\u00a0Objective<\/strong>, Cookies may be classified as:<\/p>\n<table width=\"454\">\n<tbody>\n<tr>\n<td width=\"227\"><strong>Performance Cookies<\/strong><\/td>\n<td width=\"227\">This type of Cookies remembers its preferences for the tools in the services so it does not have to configure the service in every visit.<\/p>\n<p>As way of example, this type includes:<\/p>\n<p>\u00b7\u00a0\u00a0\u00a0\u00a0\u00a0\u00a0 Adjustment of volume of video and sound players.<\/p>\n<p>\u00b7\u00a0\u00a0\u00a0\u00a0\u00a0\u00a0 Video transmission speeds compatible with browser.<\/td>\n<\/tr>\n<\/tbody>\n<\/table>\n<table width=\"454\">\n<tbody>\n<tr>\n<td width=\"227\"><strong>Geo-localization cookies<\/strong><\/td>\n<td width=\"227\">These Cookies are used to know the country of location when a service is requested. This Cookie is totally anonymous and only used to help orient the content to its location.<\/td>\n<\/tr>\n<\/tbody>\n<\/table>\n<table width=\"454\">\n<tbody>\n<tr>\n<td width=\"227\"><strong>Registry Cookies <\/strong><\/td>\n<td width=\"227\">Registry cookies are created once the user has registered or afterwards it has opened its session and are used to identify it in the services with the following purposes:<\/p>\n<p>\u00b7\u00a0\u00a0\u00a0\u00a0\u00a0\u00a0To keep the user identified so that when closing a service, the browser or computer and in any other time or day access again such service it will continue identifying, easing therefore its navigation without having to load again. This function can be eliminated if the user clicks on \u201cclose session\u201d so this Cookie is eliminated and the next time it access the service the user will have to start the session to be identified.<\/p>\n<p>\u00b7\u00a0\u00a0\u00a0\u00a0\u00a0\u00a0 To verify if the user is authorized to access certain services for example, to take part in a contest.<\/td>\n<\/tr>\n<\/tbody>\n<\/table>\n<table width=\"454\">\n<tbody>\n<tr>\n<td width=\"227\"><strong>Analytic cookies <\/strong><\/td>\n<td width=\"227\">Every time a User visits a service, a tool of an external provider generates an Analytic cookie in the computer of the user. This Cookie which only generates during the visit will be used in the next visits by the Web Services to anonymously identify the visitor. Main objectives are:<\/p>\n<p>\u00b7\u00a0\u00a0\u00a0\u00a0\u00a0\u00a0To allow the anonymous identification of navigating users through the \u201cCookie\u201d (identified browsers and devices, not people) and therefore the approximate accounting of the number of visitors and their trend in time.<\/p>\n<p>\u00b7\u00a0\u00a0\u00a0\u00a0\u00a0\u00a0 To anonymously identify most visited contents and therefore most attractive for users.<\/p>\n<p>\u00b7\u00a0\u00a0\u00a0\u00a0\u00a0\u00a0 To know if the user accessing is new or not.<\/p>\n<p>Important: Unless the user decides to register in a Web service, the \u201cCookie\u201d will never be related to any personal data that can be identified. Such Cookies will only be used with statistical purposes helping the optimization of the User experience in the site.<\/td>\n<\/tr>\n<\/tbody>\n<\/table>\n<table width=\"454\">\n<tbody>\n<tr>\n<td width=\"227\"><strong>Behavioural advertising <\/strong><\/td>\n<td width=\"227\">This type of \u201cCookies\u201d allows the increase of information showed to each anonymous user in Web Services. Among others, the duration and frequency of advertising displays, the interaction or surfing patterns and\/or user behaviour as they help form an advertising interest profile. This way they allow offering publicity matching the interests of users.<\/td>\n<\/tr>\n<tr>\n<td width=\"227\"><strong>Third parties Marketing Cookies <\/strong><\/td>\n<td width=\"227\">In addition to advertising managed by the Web in its Services, the Web offers advertisers the option of serving advertisements through third parties (\u201cAdServers\u201d). This way these third parties may store Cookies sent from Web Services from Users browsers as well as accessing to data stored.<\/td>\n<\/tr>\n<\/tbody>\n<\/table>\n<p><strong>\u00a0<\/strong><\/p>\n<p><strong>3. WHICH COOKIES DO WE USE? <\/strong><\/p>\n<table width=\"1210\">\n<tbody>\n<tr>\n<td width=\"449\">\n<table width=\"47%\">\n<tbody>\n<tr>\n<td width=\"100%\">IT has to identify the type of cookies among those in section 2. \u201cTypes of cookies\u201d used by the Web making also a difference between own cookies or those of third parties. Also it shall distinguish the type, domain, term and function. If they are cookies from third parties it will be necessary to include a link redirecting to the explanation given by the third party about the cookie. (Erase the box once cookies used are identified).<\/td>\n<\/tr>\n<\/tbody>\n<\/table>\n<\/td>\n<\/tr>\n<\/tbody>\n<\/table>\n<p>Cookies used in our Website are:<\/p>\n<table width=\"567\">\n<tbody>\n<tr>\n<td width=\"113\"><strong>OWN<\/strong><\/td>\n<td colspan=\"4\" width=\"454\"><\/td>\n<\/tr>\n<tr>\n<td width=\"113\"><strong>Name<\/strong><\/td>\n<td width=\"113\"><strong>Type\u00a0<\/strong><\/td>\n<td width=\"113\"><strong>Domain <\/strong><\/td>\n<td width=\"113\"><strong>Expiration\u00a0<\/strong><\/td>\n<td width=\"113\"><strong>Purpose\u00a0<\/strong><\/td>\n<\/tr>\n<tr>\n<td width=\"113\"><\/td>\n<td width=\"113\"><\/td>\n<td width=\"113\"><\/td>\n<td width=\"113\"><\/td>\n<td width=\"113\"><\/td>\n<\/tr>\n<\/tbody>\n<\/table>\n<p><strong>\u00a0<\/strong><\/p>\n<table width=\"567\">\n<tbody>\n<tr>\n<td width=\"113\">THIRD PARTIES<\/td>\n<td colspan=\"4\" width=\"454\"><\/td>\n<\/tr>\n<tr>\n<td width=\"113\"><strong>Name<\/strong><\/td>\n<td width=\"113\"><strong>Type<\/strong><\/td>\n<td width=\"113\"><strong>Domain<\/strong><\/td>\n<td width=\"113\"><strong>Expiration<\/strong><\/td>\n<td width=\"113\"><strong>Purpose<\/strong><\/td>\n<\/tr>\n<tr>\n<td width=\"113\"><\/td>\n<td width=\"113\"><\/td>\n<td width=\"113\"><\/td>\n<td width=\"113\"><\/td>\n<td width=\"113\"><\/td>\n<\/tr>\n<\/tbody>\n<\/table>\n<p><strong>4. EXISTENCE OF INTERNATIONAL TRANSFERS<\/strong><\/p>\n<p>You may receive information on transfers to third parties which, if applicable, make third parties identified in this policy on cookies in their relevant policies (see the links provided in section \u201cThird party cookies\u201d). The different mechanisms for the regularization of international transfers, if applicable, will be notified by such third parties.<\/p>\n<p><strong>5. HOW TO DISABLE COOKIES <\/strong><\/p>\n<p>Normally it is possible to not accept Browser cookies or not accept Cookies from a specific service.<\/p>\n<p>All modern browsers change Cookies settings. These adjustments are normally available in \u201cOptions\u201d or \u201cPreferences\u201d of the browser menu. Moreover, you may configure your browser or your email manager as well as to install free complements to avoid the download of Web\u00a0<em>Bugs<\/em>\u00a0when opening an email.<\/p>\n<p>The Web offers User orientation on the steps to access the settings menu of cookies and, if applicable, private navigation in each of the main browsers:<\/p>\n<table width=\"454\">\n<tbody>\n<tr>\n<td width=\"227\"><strong>Internet Explorer<\/strong><\/td>\n<td width=\"227\">Tools \u00e0 Internet options \u00e0 Privacy \u00e0 Settings.<\/p>\n<p>For further information you may check Microsoft customer service or Browser Help.<\/td>\n<\/tr>\n<tr>\n<td width=\"227\"><strong>Microsoft Edge<\/strong><\/td>\n<td width=\"227\">Settings and more \u00e0 Settings \u00e0 Erase scanner data.<\/td>\n<\/tr>\n<tr>\n<td width=\"227\"><strong>Firefox<\/strong><\/td>\n<td width=\"227\">Tools \u00e0 Options \u00e0 Privacy \u00e0 History \u00e0 Customized settings.<\/td>\n<\/tr>\n<tr>\n<td width=\"227\"><strong>Chrome<\/strong><\/td>\n<td width=\"227\">Settings \u00e0 Advanced settings \u00e0 Privacy and security \u00e0 Erase browser information.<\/td>\n<\/tr>\n<tr>\n<td width=\"227\"><strong>Safari<\/strong><\/td>\n<td width=\"227\">Preferences \u00e0 Security.<\/p>\n<p>For further information please check Apple support or Browser Help.<\/td>\n<\/tr>\n<\/tbody>\n<\/table>\n<p><em>\u00a0\u00a0<\/em><\/p>\n<p><strong>6. AMENDMENTS TO THE POLICY ON COOKIES <\/strong><\/p>\n<p>The Web may modify this Policy on Cookies according to legal requirements, regulatory demands or in order to adapt such policy to the instructions given by the Spanish Agency on Data Protection and therefore we advise users to visit it on a frequent basis.<\/p>\n<p>When significant changes are made to this Policy on Cookies, they will be notified to users either through the Web or email to registered users.<\/p>\n<\/div>\n<\/div><\/section>\n<\/div><\/div><\/div><!-- close content main div --><\/div><\/div><div id='after_section_2'  class='main_color av_default_container_wrap container_wrap sidebar_right'  ><div class='container av-section-cont-open' ><div class='template-page content  av-content-small alpha units'><div class='post-entry post-entry-type-page post-entry-1842'><div class='entry-content-wrapper clearfix'>\n","protected":false},"excerpt":{"rendered":"","protected":false},"author":4,"featured_media":0,"parent":0,"menu_order":0,"comment_status":"closed","ping_status":"closed","template":"","meta":{"inline_featured_image":false,"_exactmetrics_skip_tracking":false,"_exactmetrics_sitenote_active":false,"_exactmetrics_sitenote_note":"","_exactmetrics_sitenote_category":0,"_uf_show_specific_survey":0,"_uf_disable_surveys":false,"footnotes":""},"class_list":["post-1842","page","type-page","status-publish","hentry"],"yoast_head":"<!-- This site is optimized with the Yoast SEO plugin v19.7.1 - https:\/\/yoast.com\/wordpress\/plugins\/seo\/ -->\r\n<title>Cookies Policy - IGNIS<\/title>\r\n<meta name=\"robots\" content=\"noindex, follow\" \/>\r\n<meta property=\"og:locale\" content=\"en_US\" \/>\r\n<meta property=\"og:type\" content=\"article\" \/>\r\n<meta property=\"og:title\" content=\"Cookies Policy - IGNIS\" \/>\r\n<meta property=\"og:url\" content=\"https:\/\/ignis.es\/en\/cookies-policy\/\" \/>\r\n<meta property=\"og:site_name\" content=\"IGNIS\" \/>\r\n<meta property=\"article:modified_time\" content=\"2022-12-30T09:13:49+00:00\" \/>\r\n<meta name=\"twitter:card\" content=\"summary_large_image\" \/>\r\n<meta name=\"twitter:label1\" content=\"Est. reading time\" \/>\n\t<meta name=\"twitter:data1\" content=\"7 minutes\" \/>\r\n<script type=\"application\/ld+json\" class=\"yoast-schema-graph\">{\"@context\":\"https:\/\/schema.org\",\"@graph\":[{\"@type\":\"WebPage\",\"@id\":\"https:\/\/ignis.es\/en\/cookies-policy\/\",\"url\":\"https:\/\/ignis.es\/en\/cookies-policy\/\",\"name\":\"Cookies Policy - IGNIS\",\"isPartOf\":{\"@id\":\"https:\/\/www.ignis.es\/en\/#website\"},\"datePublished\":\"2020-01-10T13:03:35+00:00\",\"dateModified\":\"2022-12-30T09:13:49+00:00\",\"breadcrumb\":{\"@id\":\"https:\/\/ignis.es\/en\/cookies-policy\/#breadcrumb\"},\"inLanguage\":\"en-US\",\"potentialAction\":[{\"@type\":\"ReadAction\",\"target\":[\"https:\/\/ignis.es\/en\/cookies-policy\/\"]}]},{\"@type\":\"BreadcrumbList\",\"@id\":\"https:\/\/ignis.es\/en\/cookies-policy\/#breadcrumb\",\"itemListElement\":[{\"@type\":\"ListItem\",\"position\":1,\"name\":\"Portada\",\"item\":\"https:\/\/ignis.es\/en\/\"},{\"@type\":\"ListItem\",\"position\":2,\"name\":\"Cookies Policy\"}]},{\"@type\":\"WebSite\",\"@id\":\"https:\/\/www.ignis.es\/en\/#website\",\"url\":\"https:\/\/www.ignis.es\/en\/\",\"name\":\"IGNIS\",\"description\":\"Otro sitio realizado con WordPress\",\"potentialAction\":[{\"@type\":\"SearchAction\",\"target\":{\"@type\":\"EntryPoint\",\"urlTemplate\":\"https:\/\/www.ignis.es\/en\/?s={search_term_string}\"},\"query-input\":\"required name=search_term_string\"}],\"inLanguage\":\"en-US\"}]}<\/script>\r\n<!-- \/ Yoast SEO plugin. -->","yoast_head_json":{"title":"Cookies Policy - IGNIS","robots":{"index":"noindex","follow":"follow"},"og_locale":"en_US","og_type":"article","og_title":"Cookies Policy - IGNIS","og_url":"https:\/\/ignis.es\/en\/cookies-policy\/","og_site_name":"IGNIS","article_modified_time":"2022-12-30T09:13:49+00:00","twitter_card":"summary_large_image","twitter_misc":{"Est. reading time":"7 minutes"},"schema":{"@context":"https:\/\/schema.org","@graph":[{"@type":"WebPage","@id":"https:\/\/ignis.es\/en\/cookies-policy\/","url":"https:\/\/ignis.es\/en\/cookies-policy\/","name":"Cookies Policy - IGNIS","isPartOf":{"@id":"https:\/\/www.ignis.es\/en\/#website"},"datePublished":"2020-01-10T13:03:35+00:00","dateModified":"2022-12-30T09:13:49+00:00","breadcrumb":{"@id":"https:\/\/ignis.es\/en\/cookies-policy\/#breadcrumb"},"inLanguage":"en-US","potentialAction":[{"@type":"ReadAction","target":["https:\/\/ignis.es\/en\/cookies-policy\/"]}]},{"@type":"BreadcrumbList","@id":"https:\/\/ignis.es\/en\/cookies-policy\/#breadcrumb","itemListElement":[{"@type":"ListItem","position":1,"name":"Portada","item":"https:\/\/ignis.es\/en\/"},{"@type":"ListItem","position":2,"name":"Cookies Policy"}]},{"@type":"WebSite","@id":"https:\/\/www.ignis.es\/en\/#website","url":"https:\/\/www.ignis.es\/en\/","name":"IGNIS","description":"Otro sitio realizado con WordPress","potentialAction":[{"@type":"SearchAction","target":{"@type":"EntryPoint","urlTemplate":"https:\/\/www.ignis.es\/en\/?s={search_term_string}"},"query-input":"required name=search_term_string"}],"inLanguage":"en-US"}]}},"_links":{"self":[{"href":"https:\/\/ignis.es\/en\/wp-json\/wp\/v2\/pages\/1842"}],"collection":[{"href":"https:\/\/ignis.es\/en\/wp-json\/wp\/v2\/pages"}],"about":[{"href":"https:\/\/ignis.es\/en\/wp-json\/wp\/v2\/types\/page"}],"author":[{"embeddable":true,"href":"https:\/\/ignis.es\/en\/wp-json\/wp\/v2\/users\/4"}],"replies":[{"embeddable":true,"href":"https:\/\/ignis.es\/en\/wp-json\/wp\/v2\/comments?post=1842"}],"version-history":[{"count":7,"href":"https:\/\/ignis.es\/en\/wp-json\/wp\/v2\/pages\/1842\/revisions"}],"predecessor-version":[{"id":4721,"href":"https:\/\/ignis.es\/en\/wp-json\/wp\/v2\/pages\/1842\/revisions\/4721"}],"wp:attachment":[{"href":"https:\/\/ignis.es\/en\/wp-json\/wp\/v2\/media?parent=1842"}],"curies":[{"name":"wp","href":"https:\/\/api.w.org\/{rel}","templated":true}]}}